{"id":7,"date":"2015-03-05T15:54:19","date_gmt":"2015-03-05T14:54:19","guid":{"rendered":"https:\/\/polymnia-revue.univ-lille3.fr\/?page_id=7"},"modified":"2015-12-04T14:57:21","modified_gmt":"2015-12-04T13:57:21","slug":"mots-clefs","status":"publish","type":"page","link":"https:\/\/polymnia-revue.univ-lille.fr\/index.php\/mots-clefs\/","title":{"rendered":"Mots-clefs"},"content":{"rendered":"<p><strong>\u2013 A, B<\/strong><br \/>\n<em>adaptationes<\/em><br \/>\nAdiciones<br \/>\nAelius Th\u00e9on<br \/>\nAlexandrinisme<br \/>\nall\u00e9gorie<br \/>\n<em>Amores<\/em><br \/>\nAristote<br \/>\nAstronomie<br \/>\nAtalante<br \/>\n<em>auctoritates<\/em><br \/>\nauthenticit\u00e9<br \/>\nBuffi\u00e8re<br \/>\nByblis<\/p>\n<p><strong>\u2013 C, D<\/strong><br \/>\nCatast\u00e9rismes<br \/>\ncompilation<br \/>\ncomposition po\u00e9tique<br \/>\nconstruction narrative<br \/>\nd\u00e9fense de la po\u00e9sie<br \/>\nd\u00e9miurge<br \/>\nD\u00e9mogorgon<br \/>\nd\u00e9mythification<br \/>\nDodone<\/p>\n<p><strong>\u2013 E, F<\/strong><br \/>\n\u00e9cole de Chartres<br \/>\nEdici\u00f3n ampliada<br \/>\n\u00e9l\u00e9gie \u00e9rotique<br \/>\n\u00c9ratosth\u00e8ne<br \/>\nEsculape<br \/>\n\u00e9thique<br \/>\n<em>ethologia<\/em><br \/>\n\u00e9tymologie<br \/>\nex\u00e9g\u00e8se<br \/>\n<em>fabula<\/em><br \/>\n<em>fabula<\/em>e<br \/>\nfabulation<br \/>\nFer\u00e9cides de Atenas<br \/>\n<em>figmenta<\/em><br \/>\n<em>figmentum<\/em><br \/>\nfonction po\u00e9tique<\/p>\n<p><strong>\u2013 G, H<\/strong><br \/>\nHecateo de Mileto<br \/>\nHel\u00e1nico de Lesbos<br \/>\nH\u00e9rodote<br \/>\nHygin<\/p>\n<p><strong>\u2013 I, J<\/strong><br \/>\nidol\u00e2trie<br \/>\ninceste<br \/>\n<em>integumentum \/ inuolucrum<\/em><br \/>\ninterpr\u00e9tation<\/p>\n<p><strong>\u2013 K, L<\/strong><\/p>\n<p><strong>\u2013 M<\/strong><br \/>\nMacrobe<br \/>\n<em>M\u00e9tamorphoses<\/em><br \/>\nmitograf\u00eda griega<br \/>\nmod\u00e8le g\u00e9n\u00e9alogique<br \/>\nmorale<br \/>\nMyrrha<br \/>\nmythe<br \/>\nmythographe<br \/>\nMythographie<br \/>\nmytholog\u00e8me<br \/>\nmythologie<br \/>\nMitograf\u00eca<\/p>\n<p><strong>\u2013 N, O<\/strong><br \/>\nNatale Conti<br \/>\nnaufrage des civilisations<br \/>\norigines<br \/>\nOvide<\/p>\n<p><strong>\u2013 P, Q<\/strong><br \/>\nPalaiphatos<br \/>\nParth\u00e9nius de Nic\u00e9e<br \/>\nPervivencia<br \/>\n<em>philosophia<\/em><br \/>\n<em>physiologia<\/em><br \/>\npo\u00e9tique<br \/>\npolys\u00e9mie<br \/>\nProperce<br \/>\nprosa hist\u00f3rica<\/p>\n<p><strong>\u2013 R, S, T <\/strong><br \/>\nrationalisation<br \/>\nrecepci\u00f3n<br \/>\nR\u00e9\u00e9criture<br \/>\nSocrate<br \/>\nsouffrances amoureuses<br \/>\nsources<br \/>\n<em>synthesis<\/em><br \/>\nterminolog\u00eda<br \/>\n<em>theologia<\/em><br \/>\nth\u00e9ologiens<br \/>\nTradition<br \/>\n<em>translatio<\/em><br \/>\ntypologie des fables<\/p>\n<p><strong>\u2013 U, V, W<\/strong><br \/>\nUlysse<br \/>\nVarron<br \/>\nVeyne<\/p>\n<p><strong>\u2013 X, Y, Z<\/strong><\/p>\n","protected":false},"excerpt":{"rendered":"<p>\u2013 A, B adaptationes Adiciones Aelius Th\u00e9on Alexandrinisme all\u00e9gorie Amores Aristote Astronomie Atalante auctoritates authenticit\u00e9 Buffi\u00e8re Byblis \u2013 C, D Catast\u00e9rismes compilation composition po\u00e9tique construction narrative d\u00e9fense de la po\u00e9sie d\u00e9miurge D\u00e9mogorgon d\u00e9mythification Dodone \u2013 E, F \u00e9cole de Chartres &hellip; <a href=\"https:\/\/polymnia-revue.univ-lille.fr\/index.php\/mots-clefs\/\">Continuer la lecture <span class=\"meta-nav\">&rarr;<\/span><\/a><\/p>\n","protected":false},"author":1,"featured_media":0,"parent":0,"menu_order":0,"comment_status":"closed","ping_status":"open","template":"sidebar-page.php","meta":{"footnotes":""},"class_list":["post-7","page","type-page","status-publish","hentry"],"jetpack_sharing_enabled":true,"_links":{"self":[{"href":"https:\/\/polymnia-revue.univ-lille.fr\/index.php\/wp-json\/wp\/v2\/pages\/7","targetHints":{"allow":["GET"]}}],"collection":[{"href":"https:\/\/polymnia-revue.univ-lille.fr\/index.php\/wp-json\/wp\/v2\/pages"}],"about":[{"href":"https:\/\/polymnia-revue.univ-lille.fr\/index.php\/wp-json\/wp\/v2\/types\/page"}],"author":[{"embeddable":true,"href":"https:\/\/polymnia-revue.univ-lille.fr\/index.php\/wp-json\/wp\/v2\/users\/1"}],"replies":[{"embeddable":true,"href":"https:\/\/polymnia-revue.univ-lille.fr\/index.php\/wp-json\/wp\/v2\/comments?post=7"}],"version-history":[{"count":6,"href":"https:\/\/polymnia-revue.univ-lille.fr\/index.php\/wp-json\/wp\/v2\/pages\/7\/revisions"}],"predecessor-version":[{"id":124,"href":"https:\/\/polymnia-revue.univ-lille.fr\/index.php\/wp-json\/wp\/v2\/pages\/7\/revisions\/124"}],"wp:attachment":[{"href":"https:\/\/polymnia-revue.univ-lille.fr\/index.php\/wp-json\/wp\/v2\/media?parent=7"}],"curies":[{"name":"wp","href":"https:\/\/api.w.org\/{rel}","templated":true}]}}