{"id":57,"date":"2015-04-21T14:34:41","date_gmt":"2015-04-21T13:34:41","guid":{"rendered":"https:\/\/polymnia-revue.univ-lille3.fr\/?page_id=57"},"modified":"2018-07-19T15:04:21","modified_gmt":"2018-07-19T14:04:21","slug":"recommandations-aux-auteurs","status":"publish","type":"page","link":"https:\/\/polymnia-revue.univ-lille.fr\/index.php\/recommandations-aux-auteurs\/","title":{"rendered":"Recommandations aux auteurs"},"content":{"rendered":"<p style=\"text-align: justify;\">Toutes les propositions d\u2019articles sont \u00e0 r\u00e9diger dans la langue maternelle de leur auteur. On acceptera une version en anglais pour les articles en grec moderne.<\/p>\n<p style=\"text-align: justify;\">Les textes anciens doivent \u00eatre \u00e0 la fois cit\u00e9s dans leur langue originale (grec non translitt\u00e9r\u00e9 ou latin) et accompagn\u00e9s d\u2019une traduction. L\u2019usage du grec translitt\u00e9r\u00e9 est possible au fil du texte seulement pour des mots pass\u00e9s dans l\u2019usage (<em>hubris<\/em>,\u00a0<em>m\u00e9tis<\/em>).<\/p>\n<p style=\"text-align: justify;\">Pour les citations en grec ancien, il est demand\u00e9 d\u2019utiliser une police unicode, de pr\u00e9f\u00e9rence la police DejaVu, en libre acc\u00e8s sur le site <a title=\"dejavu\" href=\"http:\/\/sourceforge.net\/projects\/dejavu\">http:\/\/sourceforge.net\/projects\/dejavu<\/a>.<br \/>\nLes auteurs sont libres dans leur choix de pr\u00e9sentation des citations, notes et bibliographie: chacun se conformera aux conventions \u00e9ditoriales en usage dans sa langue et dans son pays.<\/p>\n<p style=\"text-align: justify;\">Chaque article sera pr\u00e9c\u00e9d\u00e9 d\u2019un r\u00e9sum\u00e9 et de l\u2019indication de mots-clefs.<\/p>\n<p style=\"text-align: justify;\">Toute proposition d\u2019article doit \u00eatre adress\u00e9e \u00e0 Charles Delattre (charles.delattre at univ-lille.fr) et \u00e0 Jacqueline Fabre-Serris (jacqueline.fabre-serris at wanadoo.fr).<\/p>\n<p style=\"text-align: justify;\">Elles seront soumises \u00e0 l\u2019examen de deux rapporteurs, choisis \u00e0 la fois dans le comit\u00e9 scientifique et parmi les chercheurs europ\u00e9ens et am\u00e9ricains sp\u00e9cialistes du sujet. En cas de rapports contradictoires, l\u2019avis d\u2019un troisi\u00e8me rapporteur sera sollicit\u00e9.<\/p>\n","protected":false},"excerpt":{"rendered":"<p>Toutes les propositions d\u2019articles sont \u00e0 r\u00e9diger dans la langue maternelle de leur auteur. On acceptera une version en anglais pour les articles en grec moderne. Les textes anciens doivent \u00eatre \u00e0 la fois cit\u00e9s dans leur langue originale (grec &hellip; <a href=\"https:\/\/polymnia-revue.univ-lille.fr\/index.php\/recommandations-aux-auteurs\/\">Continuer la lecture <span class=\"meta-nav\">&rarr;<\/span><\/a><\/p>\n","protected":false},"author":1,"featured_media":0,"parent":0,"menu_order":0,"comment_status":"closed","ping_status":"closed","template":"sidebar-page.php","meta":{"footnotes":""},"class_list":["post-57","page","type-page","status-publish","hentry"],"jetpack_sharing_enabled":true,"_links":{"self":[{"href":"https:\/\/polymnia-revue.univ-lille.fr\/index.php\/wp-json\/wp\/v2\/pages\/57","targetHints":{"allow":["GET"]}}],"collection":[{"href":"https:\/\/polymnia-revue.univ-lille.fr\/index.php\/wp-json\/wp\/v2\/pages"}],"about":[{"href":"https:\/\/polymnia-revue.univ-lille.fr\/index.php\/wp-json\/wp\/v2\/types\/page"}],"author":[{"embeddable":true,"href":"https:\/\/polymnia-revue.univ-lille.fr\/index.php\/wp-json\/wp\/v2\/users\/1"}],"replies":[{"embeddable":true,"href":"https:\/\/polymnia-revue.univ-lille.fr\/index.php\/wp-json\/wp\/v2\/comments?post=57"}],"version-history":[{"count":10,"href":"https:\/\/polymnia-revue.univ-lille.fr\/index.php\/wp-json\/wp\/v2\/pages\/57\/revisions"}],"predecessor-version":[{"id":243,"href":"https:\/\/polymnia-revue.univ-lille.fr\/index.php\/wp-json\/wp\/v2\/pages\/57\/revisions\/243"}],"wp:attachment":[{"href":"https:\/\/polymnia-revue.univ-lille.fr\/index.php\/wp-json\/wp\/v2\/media?parent=57"}],"curies":[{"name":"wp","href":"https:\/\/api.w.org\/{rel}","templated":true}]}}