{"id":54,"date":"2015-04-20T15:53:29","date_gmt":"2015-04-20T14:53:29","guid":{"rendered":"https:\/\/polymnia-revue.univ-lille3.fr\/?page_id=54"},"modified":"2021-05-06T10:27:38","modified_gmt":"2021-05-06T09:27:38","slug":"direction-et-comites","status":"publish","type":"page","link":"https:\/\/polymnia-revue.univ-lille.fr\/index.php\/direction-et-comites\/","title":{"rendered":"Direction et comit\u00e9s"},"content":{"rendered":"<p><strong>Directeurs<\/strong><br \/>\nCharles Delattre (Univ. Lille)<br \/>\nJacqueline Fabre-Serris (Univ. Lille)<\/p>\n<p><strong>Comit\u00e9 de r\u00e9daction<br \/>\n<\/strong>Consuelo Alvarez (Universidad de Murcia), S\u00e9verine Cl\u00e9ment-Tarantino (Universit\u00e9 de Lille), Frank Coulson (Ohio State University), Maria-Luisa Delvigo (Universit\u00e0 di Udine), Fran\u00e7oise Graziani (Universit\u00e9 de Corse), Jordi Pamias (Universitat Aut\u00f2noma de Barcelona), Jean-Yves Tilliette (Universit\u00e9 de Gen\u00e8ve), Arnaud Zucker \u00a0(Universit\u00e9 de Nice).<\/p>\n<p style=\"text-align: justify;\"><strong>Comit\u00e9 scientifique<\/strong><br \/>\nMinerva Alganza (Universidad de Grenada), C\u00e9line Bonhert (Universit\u00e9 d\u2019Amiens), Jacques Boulogne (Universit\u00e9 de Lille), David Bouvier (Universit\u00e9 de Lausanne), Esteban Calder\u00f3n Dorda (Universitad de Murcia), Robert Fowler (Bristol University), Greta Hawes (Australian National University), Giorgio Ierano (Universit\u00e0 di Trento), Fran\u00e7ois Lissarrague (EHESS), Giuseppe Ramirez, Scott Smith (University of New Hampshire), Sarah Spence (University of Georgia), Stephen Trzaskoma (University of New Hampshire).<\/p>\n","protected":false},"excerpt":{"rendered":"<p>Directeurs Charles Delattre (Univ. Lille) Jacqueline Fabre-Serris (Univ. Lille) Comit\u00e9 de r\u00e9daction Consuelo Alvarez (Universidad de Murcia), S\u00e9verine Cl\u00e9ment-Tarantino (Universit\u00e9 de Lille), Frank Coulson (Ohio State University), Maria-Luisa Delvigo (Universit\u00e0 di Udine), Fran\u00e7oise Graziani (Universit\u00e9 de Corse), Jordi Pamias (Universitat &hellip; <a href=\"https:\/\/polymnia-revue.univ-lille.fr\/index.php\/direction-et-comites\/\">Continuer la lecture <span class=\"meta-nav\">&rarr;<\/span><\/a><\/p>\n","protected":false},"author":1,"featured_media":0,"parent":0,"menu_order":0,"comment_status":"closed","ping_status":"open","template":"sidebar-page.php","meta":{"footnotes":""},"class_list":["post-54","page","type-page","status-publish","hentry"],"jetpack_sharing_enabled":true,"_links":{"self":[{"href":"https:\/\/polymnia-revue.univ-lille.fr\/index.php\/wp-json\/wp\/v2\/pages\/54","targetHints":{"allow":["GET"]}}],"collection":[{"href":"https:\/\/polymnia-revue.univ-lille.fr\/index.php\/wp-json\/wp\/v2\/pages"}],"about":[{"href":"https:\/\/polymnia-revue.univ-lille.fr\/index.php\/wp-json\/wp\/v2\/types\/page"}],"author":[{"embeddable":true,"href":"https:\/\/polymnia-revue.univ-lille.fr\/index.php\/wp-json\/wp\/v2\/users\/1"}],"replies":[{"embeddable":true,"href":"https:\/\/polymnia-revue.univ-lille.fr\/index.php\/wp-json\/wp\/v2\/comments?post=54"}],"version-history":[{"count":18,"href":"https:\/\/polymnia-revue.univ-lille.fr\/index.php\/wp-json\/wp\/v2\/pages\/54\/revisions"}],"predecessor-version":[{"id":344,"href":"https:\/\/polymnia-revue.univ-lille.fr\/index.php\/wp-json\/wp\/v2\/pages\/54\/revisions\/344"}],"wp:attachment":[{"href":"https:\/\/polymnia-revue.univ-lille.fr\/index.php\/wp-json\/wp\/v2\/media?parent=54"}],"curies":[{"name":"wp","href":"https:\/\/api.w.org\/{rel}","templated":true}]}}