{"id":52,"date":"2015-04-21T14:36:27","date_gmt":"2015-04-21T13:36:27","guid":{"rendered":"https:\/\/polymnia-revue.univ-lille3.fr\/?page_id=52"},"modified":"2021-05-06T10:31:10","modified_gmt":"2021-05-06T09:31:10","slug":"la-revue-2","status":"publish","type":"page","link":"https:\/\/polymnia-revue.univ-lille.fr\/index.php\/la-revue-2\/","title":{"rendered":"La revue"},"content":{"rendered":"<p style=\"text-align: justify;\"><img loading=\"lazy\" decoding=\"async\" class=\" size-full wp-image-37 alignleft\" src=\"https:\/\/polymnia-revue.univ-lille.fr\/wp-content\/uploads\/2015\/03\/statue-accueil-8.jpg\" alt=\"statue-accueil-8\" width=\"179\" height=\"259\" \/><\/p>\n<p style=\"text-align: justify;\">Le r\u00e9seau de recherche international <em>Polymnia<\/em>, cr\u00e9\u00e9 en 1999 par Jacqueline Fabre-Serris et Fran\u00e7oise Graziani pour promouvoir l\u2019\u00e9tude de la tradition mythographique de l\u2019Antiquit\u00e9 au 17\u00b0 si\u00e8cle, a d\u00e9velopp\u00e9 deux sortes d\u2019activit\u00e9s: des colloques entre les universit\u00e9s partenaires et une collection de textes bilingues, la collection \u00ab\u00a0Mythographes\u00a0\u00bb, publi\u00e9e aux Presses Universitaires du Septentrion.<br \/>\nLa revue \u00e9lectronique <em>Polymnia <\/em>poursuit le programme de recherche du r\u00e9seau. Elle propose un espace de r\u00e9flexion et de d\u00e9bat, interdisciplinaire et diachronique, sp\u00e9cifiquement consacr\u00e9 aux textes mythographiques de l\u2019Antiquit\u00e9 \u00e0 la Renaissance.<br \/>\nElle se donne pour objet d\u2019en \u00e9clairer la diversit\u00e9 des m\u00e9thodes et des enjeux, d\u2019explorer la complexit\u00e9 des relations que ces textes ont entretenues selon les lieux et les \u00e9poques avec les pratiques po\u00e9tiques et ex\u00e9g\u00e9tiques, et d\u2019interroger la validit\u00e9 historique de l\u2019\u201cancienne science des mythes\u201d, qui n\u2019a cess\u00e9 de se renouveler en accompagnant jusqu\u2019au 17\u00b0 si\u00e8cle les mutations religieuses, sociales et id\u00e9ologiques des cultures europ\u00e9ennes. Il s\u2019agit d\u2019un champ de recherche historiquement et culturellement circonscrit qui doit \u00eatre distingu\u00e9 des analyses modernes et contemporaines des mythes.<br \/>\nLes travaux du r\u00e9seau <em>Polymnia<\/em> ont notamment mis en valeur l\u2019existence d\u2019une relation \u00e9pist\u00e9mologique entre le mythique, le surprenant, l\u2019impossible et le fictif. Prenant en compte cette parent\u00e9, qui fait de la paradoxographie un domaine connexe de la mythographie, la revue <em>Polymnia<\/em> int\u00e8gre dans ses champs d\u2019\u00e9tude l\u2019\u00e9criture des <em>ncredibilia<\/em>\u00a0et des\u00a0<em>mirabilia<\/em>, en proposant d\u2019interroger la fa\u00e7on dont mythographie et paradoxographie ont servi \u00e0 rendre compte de l\u2019\u00e9tranget\u00e9 du monde.<br \/>\nLa revue\u00a0<em>Polymnia<\/em> s\u2019adresse \u00e0 tous les chercheurs int\u00e9ress\u00e9s par ces perspectives de recherche, \u00e0 qui elle propose un nouveau moyen de diffuser leurs publications, de confronter leurs analyses et de partager leurs points de vue.<br \/>\nLes num\u00e9ros sont annuels et multilingues. Chaque article doit \u00eatre r\u00e9dig\u00e9 dans la langue de son auteur et accompagn\u00e9 d\u2019un bref r\u00e9sum\u00e9 et d\u2019une liste de mots-clefs (pour plus de pr\u00e9cisions, voir la rubrique Recommandations aux auteurs).<br \/>\nToutes les propositions de publications sont soumises, de fa\u00e7on anonyme, \u00e0 l\u2019avis de deux rapporteurs; en cas d\u2019avis contradictoires un troisi\u00e8me rapporteur est sollicit\u00e9. Elles doivent \u00eatre envoy\u00e9es \u00e0 chacun des deux directeurs: Charles Delattre (Universit\u00e9 de Lille) et Jacqueline Fabre-Serris (Universit\u00e9 de Lille).<\/p>\n<p>Comit\u00e9 de r\u00e9daction : Consuelo Alvarez (Universidad de Murcia), S\u00e9verine Cl\u00e9ment-Tarantino (Universit\u00e9 de Lille), Frank Coulson (Ohio State University), Maria-Luisa Delvigo (Universit\u00e0 di Udine), Fran\u00e7oise Graziani (Universit\u00e9 de Corse), Jordi Pamias (Universitat Aut\u00f2noma de Barcelona), Jean-Yves Tilliette (Universit\u00e9 de Gen\u00e8ve), Arnaud Zucker \u00a0(Universit\u00e9 de Nice).<\/p>\n<p style=\"text-align: justify;\">Comit\u00e9 scientifique : Minerva Alganza (Universidad de Grenada), C\u00e9line Bonhert (Universit\u00e9 d\u2019Amiens), Jacques Boulogne (Universit\u00e9 de Lille), David Bouvier (Universit\u00e9 de Lausanne), Esteban Calder\u00f3n Dorda (Universitad de Murcia), Robert Fowler (Bristol University), Greta Hawes (Australian National University), Giorgio Ierano (Universit\u00e0 di Trento), Fran\u00e7ois Lissarrague (EHESS), Giuseppe Ramirez, Scott Smith (University of New Hampshire), Sarah Spence (University of Georgia), Stephen Trzaskoma (University of New Hampshire).<\/p>\n","protected":false},"excerpt":{"rendered":"<p>Le r\u00e9seau de recherche international Polymnia, cr\u00e9\u00e9 en 1999 par Jacqueline Fabre-Serris et Fran\u00e7oise Graziani pour promouvoir l\u2019\u00e9tude de la tradition mythographique de l\u2019Antiquit\u00e9 au 17\u00b0 si\u00e8cle, a d\u00e9velopp\u00e9 deux sortes d\u2019activit\u00e9s: des colloques entre les universit\u00e9s partenaires et une &hellip; <a href=\"https:\/\/polymnia-revue.univ-lille.fr\/index.php\/la-revue-2\/\">Continuer la lecture <span class=\"meta-nav\">&rarr;<\/span><\/a><\/p>\n","protected":false},"author":1,"featured_media":0,"parent":0,"menu_order":0,"comment_status":"closed","ping_status":"open","template":"sidebar-page.php","meta":{"footnotes":""},"class_list":["post-52","page","type-page","status-publish","hentry"],"jetpack_sharing_enabled":true,"_links":{"self":[{"href":"https:\/\/polymnia-revue.univ-lille.fr\/index.php\/wp-json\/wp\/v2\/pages\/52","targetHints":{"allow":["GET"]}}],"collection":[{"href":"https:\/\/polymnia-revue.univ-lille.fr\/index.php\/wp-json\/wp\/v2\/pages"}],"about":[{"href":"https:\/\/polymnia-revue.univ-lille.fr\/index.php\/wp-json\/wp\/v2\/types\/page"}],"author":[{"embeddable":true,"href":"https:\/\/polymnia-revue.univ-lille.fr\/index.php\/wp-json\/wp\/v2\/users\/1"}],"replies":[{"embeddable":true,"href":"https:\/\/polymnia-revue.univ-lille.fr\/index.php\/wp-json\/wp\/v2\/comments?post=52"}],"version-history":[{"count":21,"href":"https:\/\/polymnia-revue.univ-lille.fr\/index.php\/wp-json\/wp\/v2\/pages\/52\/revisions"}],"predecessor-version":[{"id":348,"href":"https:\/\/polymnia-revue.univ-lille.fr\/index.php\/wp-json\/wp\/v2\/pages\/52\/revisions\/348"}],"wp:attachment":[{"href":"https:\/\/polymnia-revue.univ-lille.fr\/index.php\/wp-json\/wp\/v2\/media?parent=52"}],"curies":[{"name":"wp","href":"https:\/\/api.w.org\/{rel}","templated":true}]}}