{"id":355,"date":"2021-12-20T14:33:42","date_gmt":"2021-12-20T13:33:42","guid":{"rendered":"https:\/\/polymnia-revue.univ-lille.fr\/?page_id=355"},"modified":"2022-01-04T09:58:37","modified_gmt":"2022-01-04T08:58:37","slug":"numero-6-2021","status":"publish","type":"page","link":"https:\/\/polymnia-revue.univ-lille.fr\/index.php\/numero-6-2021\/","title":{"rendered":"Num\u00e9ro 6 | 2021"},"content":{"rendered":"\r\n<p><strong>Charles Delattre<\/strong> <span style=\"color: #e08c1b;\"><strong>Pr\u00e9sentation<\/strong><\/span> [<a href=\"https:\/\/polymnia-revue.univ-lille.fr\/pdf\/2021\/Polymnia-6-2021-1-Delattre.pdf\">Texte int\u00e9gral<\/a>]<\/p>\r\n\r\n\r\n\r\n<p><strong>Jaume P\u00f2rtulas<\/strong>\u00a0<span style=\"color: #e08c1b;\"><strong>Ezio Pellizer (1943-2018) <em>in memoriam<\/em><\/strong><\/span> [<a href=\"https:\/\/polymnia-revue.univ-lille.fr\/pdf\/2021\/Polymnia-6-2021-2-Portulas.pdf\">Texte int\u00e9gral<\/a>]<\/p>\r\n\r\n\r\n\r\n<p><strong>Alexandra Trachsel<\/strong>\u00a0<span style=\"color: #e08c1b;\"><strong>Force narrative et usage litt\u00e9raire des noms mythologiques : l\u2019exemple d\u2019\u00c9lien de Pr\u00e9neste<\/strong><\/span> [<a href=\"https:\/\/polymnia-revue.univ-lille.fr\/pdf\/2021\/Polymnia-6-2021-3-Trachsel-resume.pdf\">R\u00e9sum\u00e9<\/a>][<a href=\"https:\/\/polymnia-revue.univ-lille.fr\/pdf\/2021\/Polymnia-6-2021-3-Trachsel.pdf\">Texte int\u00e9gral<\/a>]<\/p>\r\n\r\n\r\n\r\n<p><strong>Ariadna Arriaza<\/strong>\u00a0<strong><span style=\"color: #e08c1b;\">Multiple characters, one name: Heracles\u2019 multiplicity in Herodorus of Heraclea and its influence in Late Antiquity<\/span><\/strong> [<a href=\"https:\/\/polymnia-revue.univ-lille.fr\/pdf\/2021\/Polymnia-6-2021-4-Arriaza-resume.pdf\">R\u00e9sum\u00e9<\/a>][<a href=\"https:\/\/polymnia-revue.univ-lille.fr\/pdf\/2021\/Polymnia-6-2021-4-Arriaza.pdf\">Texte int\u00e9gral<\/a>]<\/p>\r\n\r\n\r\n\r\n<p><strong>Gis\u00e8le Besson <span style=\"color: #e08c1b;\"><em>Tex a Grecis dicitur<\/em> : les \u00e9pith\u00e8tes divines dans le trait\u00e9 du troisi\u00e8me Mythographe du Vatican (ou Pseudo-Albrecht)<\/span><\/strong> [<a href=\"https:\/\/polymnia-revue.univ-lille.fr\/pdf\/2021\/Polymnia-6-2021-5-Besson-resume.pdf\">R\u00e9sum\u00e9<\/a>][<a href=\"https:\/\/polymnia-revue.univ-lille.fr\/pdf\/2021\/Polymnia-6-2021-5-Besson.pdf\">Texte int\u00e9gral<\/a>]<\/p>\r\n\r\n\r\n\r\n<p><strong>Jean-Yves Tilliette<\/strong>\u00a0<strong><span style=\"color: #e08c1b;\">\u00c9tymologie et eschatologie : remarques sur le commentaire de Bernard Silvestre aux six premiers livres de l\u2019<em>\u00c9n\u00e9ide<\/em> (vers 1130-1140)<\/span><\/strong> [<a href=\"https:\/\/polymnia-revue.univ-lille.fr\/pdf\/2021\/Polymnia-6-2021-6-Tilliette-resume.pdf\">R\u00e9sum\u00e9<\/a>][<a href=\"https:\/\/polymnia-revue.univ-lille.fr\/pdf\/2021\/Polymnia-6-2021-6-Tilliette.pdf\">Texte int\u00e9gral<\/a>]<\/p>\r\n\r\n\r\n\r\n<p><strong>Maria Luisa Delvigo<\/strong>\u00a0<strong><span style=\"color: #e08c1b;\">Mythici <em>vs<\/em> physici nell&rsquo;esegesi tardo antica: nuove considerazioni<\/span><\/strong> [<a href=\"https:\/\/polymnia-revue.univ-lille.fr\/pdf\/2021\/Polymnia-6-2021-7-Delvigo-resume.pdf\">R\u00e9sum\u00e9<\/a>][<a href=\"https:\/\/polymnia-revue.univ-lille.fr\/pdf\/2021\/Polymnia-6-2021-7-Delvigo.pdf\">Texte int\u00e9gral<\/a>]<\/p>\r\n\r\n\r\n\r\n<p><strong>Fran\u00e7oise Graziani<\/strong>\u00a0<strong><span style=\"color: #e08c1b;\">La mythographie comme science po\u00e9tique \u00e0 la Renaissance<\/span><\/strong>\u00a0[<a href=\"https:\/\/polymnia-revue.univ-lille.fr\/pdf\/2021\/Polymnia-6-2021-8-Graziani-resume.pdf\">R\u00e9sum\u00e9<\/a>][<a href=\"https:\/\/polymnia-revue.univ-lille.fr\/pdf\/2021\/Polymnia-6-2021-8-Graziani.pdf\">Texte int\u00e9gral<\/a>]<\/p>\r\n","protected":false},"excerpt":{"rendered":"<p>Charles Delattre Pr\u00e9sentation [Texte int\u00e9gral] Jaume P\u00f2rtulas\u00a0Ezio Pellizer (1943-2018) in memoriam [Texte int\u00e9gral] Alexandra Trachsel\u00a0Force narrative et usage litt\u00e9raire des noms mythologiques : l\u2019exemple d\u2019\u00c9lien de Pr\u00e9neste [R\u00e9sum\u00e9][Texte int\u00e9gral] Ariadna Arriaza\u00a0Multiple characters, one name: Heracles\u2019 multiplicity in Herodorus of Heraclea &hellip; <a href=\"https:\/\/polymnia-revue.univ-lille.fr\/index.php\/numero-6-2021\/\">Continuer la lecture <span class=\"meta-nav\">&rarr;<\/span><\/a><\/p>\n","protected":false},"author":1,"featured_media":0,"parent":0,"menu_order":0,"comment_status":"closed","ping_status":"closed","template":"sidebar-page.php","meta":{"footnotes":""},"class_list":["post-355","page","type-page","status-publish","hentry"],"jetpack_sharing_enabled":true,"_links":{"self":[{"href":"https:\/\/polymnia-revue.univ-lille.fr\/index.php\/wp-json\/wp\/v2\/pages\/355","targetHints":{"allow":["GET"]}}],"collection":[{"href":"https:\/\/polymnia-revue.univ-lille.fr\/index.php\/wp-json\/wp\/v2\/pages"}],"about":[{"href":"https:\/\/polymnia-revue.univ-lille.fr\/index.php\/wp-json\/wp\/v2\/types\/page"}],"author":[{"embeddable":true,"href":"https:\/\/polymnia-revue.univ-lille.fr\/index.php\/wp-json\/wp\/v2\/users\/1"}],"replies":[{"embeddable":true,"href":"https:\/\/polymnia-revue.univ-lille.fr\/index.php\/wp-json\/wp\/v2\/comments?post=355"}],"version-history":[{"count":8,"href":"https:\/\/polymnia-revue.univ-lille.fr\/index.php\/wp-json\/wp\/v2\/pages\/355\/revisions"}],"predecessor-version":[{"id":373,"href":"https:\/\/polymnia-revue.univ-lille.fr\/index.php\/wp-json\/wp\/v2\/pages\/355\/revisions\/373"}],"wp:attachment":[{"href":"https:\/\/polymnia-revue.univ-lille.fr\/index.php\/wp-json\/wp\/v2\/media?parent=355"}],"curies":[{"name":"wp","href":"https:\/\/api.w.org\/{rel}","templated":true}]}}