{"id":316,"date":"2021-01-20T15:43:07","date_gmt":"2021-01-20T14:43:07","guid":{"rendered":"https:\/\/polymnia-revue.univ-lille.fr\/?page_id=316"},"modified":"2021-01-25T11:17:13","modified_gmt":"2021-01-25T10:17:13","slug":"numero-5-2020","status":"publish","type":"page","link":"https:\/\/polymnia-revue.univ-lille.fr\/index.php\/numero-5-2020\/","title":{"rendered":"Num\u00e9ro 5 | 2020"},"content":{"rendered":"\r\n<p><strong>Joan Pag\u00e8s<\/strong> <span style=\"color: #e08c1b;\"><strong>P\u00e9lope en Lesbos: an\u00e1lisis del escolio D a <em>Il\u00edada<\/em> 1.38 y el Papiro de Hamburgo 199 (<em>Mythographus Homericus<\/em>)<\/strong><\/span> [<a href=\"https:\/\/polymnia-revue.univ-lille.fr\/pdf\/2020\/Polymnia-5-2020-1-Pages-resume.pdf\">R\u00e9sum\u00e9<\/a>][<a href=\"https:\/\/polymnia-revue.univ-lille.fr\/pdf\/2020\/Polymnia-5-2020-1-Pages.pdf\">Texte int\u00e9gral<\/a>]<\/p>\r\n\r\n\r\n\r\n<p><strong>Nereida Villagra, Jordi P\u00e0mias<\/strong> <span style=\"color: #e08c1b;\"><strong>Los escolios mitogr\u00e1ficos y el Mythographus Homericus<\/strong><\/span> [<a href=\"https:\/\/polymnia-revue.univ-lille.fr\/pdf\/2020\/Polymnia-5-2020-2-Villagra-Pamias-resume.pdf\">R\u00e9sum\u00e9<\/a>][<a href=\"https:\/\/polymnia-revue.univ-lille.fr\/pdf\/2020\/Polymnia-5-2020-2-Villagra-Pamias.pdf\">Texte int\u00e9gral<\/a>]<\/p>\r\n\r\n\r\n\r\n<p><strong>Irene Paj\u00f3n Leyra<\/strong> <span style=\"color: #e08c1b;\"><strong>Entre mitograf\u00eda e historiograf\u00eda. El papiro P.Oxy. 2 218 como caso de estudio<\/strong><\/span> [<a href=\"https:\/\/polymnia-revue.univ-lille.fr\/pdf\/2020\/Polymnia-5-2020-3-Pajon-resume.pdf\">R\u00e9sum\u00e9<\/a>][<a href=\"https:\/\/polymnia-revue.univ-lille.fr\/pdf\/2020\/Polymnia-5-2020-3-Pajon.pdf\">Texte int\u00e9gral<\/a>]<\/p>\r\n\r\n\r\n\r\n<p><strong>Gis\u00e8le Besson<\/strong> <strong> <span style=\"color: #e08c1b;\">Les <em>Fabulae de diuersis libris<\/em> dans le manuscrit London, British Library, Royal 15 B XIX. \u00c9dition critique et traduction des notes mythologiques (ff. 107r-110v)<\/span><\/strong> [<a href=\"https:\/\/polymnia-revue.univ-lille.fr\/pdf\/2020\/Polymnia-5-2020-4-Besson-resume.pdf\">R\u00e9sum\u00e9<\/a>][<a href=\"https:\/\/polymnia-revue.univ-lille.fr\/pdf\/2020\/Polymnia-5-2020-4-Besson.pdf\">Texte int\u00e9gral<\/a>]<\/p>\r\n\r\n\r\n\r\n<p><strong>Fr\u00e9d\u00e9ric Duplessis <span style=\"color: #e08c1b;\">L\u2019enseignement de la mythologie \u00e0 Reims au Xe si\u00e8cle. Analyse des <em>Fabulae de diuersis libris<\/em> (London, British Library, Royal 15 B XIX, f. 107r-110v)<\/span><\/strong> [<a href=\"https:\/\/polymnia-revue.univ-lille.fr\/pdf\/2020\/Polymnia-5-2020-5-Duplessis-resume.pdf\">R\u00e9sum\u00e9<\/a>][<a href=\"https:\/\/polymnia-revue.univ-lille.fr\/pdf\/2020\/Polymnia-5-2020-5-Duplessis.pdf\">Texte int\u00e9gral<\/a>]<\/p>\r\n\r\n\r\n\r\n<p><strong>Dimitra Eleftheriou<\/strong> <strong><span style=\"color: #e08c1b;\">La biche aux bois. R\u00e9flexions sur le genre dans le contexte mythographique et paradoxographique\u00a0<\/span><\/strong> [<a href=\"https:\/\/polymnia-revue.univ-lille.fr\/pdf\/2020\/Polymnia-5-2020-6-Eleftheriou-resume.pdf\">R\u00e9sum\u00e9<\/a>][<a href=\"https:\/\/polymnia-revue.univ-lille.fr\/pdf\/2020\/Polymnia-5-2020-6-Eleftheriou.pdf\">Texte int\u00e9gral<\/a>]<\/p>\r\n\r\n\r\n","protected":false},"excerpt":{"rendered":"<p>Joan Pag\u00e8s P\u00e9lope en Lesbos: an\u00e1lisis del escolio D a Il\u00edada 1.38 y el Papiro de Hamburgo 199 (Mythographus Homericus) [R\u00e9sum\u00e9][Texte int\u00e9gral] Nereida Villagra, Jordi P\u00e0mias Los escolios mitogr\u00e1ficos y el Mythographus Homericus [R\u00e9sum\u00e9][Texte int\u00e9gral] Irene Paj\u00f3n Leyra Entre mitograf\u00eda &hellip; <a href=\"https:\/\/polymnia-revue.univ-lille.fr\/index.php\/numero-5-2020\/\">Continuer la lecture <span class=\"meta-nav\">&rarr;<\/span><\/a><\/p>\n","protected":false},"author":1,"featured_media":0,"parent":0,"menu_order":0,"comment_status":"closed","ping_status":"closed","template":"sidebar-page.php","meta":{"footnotes":""},"class_list":["post-316","page","type-page","status-publish","hentry"],"jetpack_sharing_enabled":true,"_links":{"self":[{"href":"https:\/\/polymnia-revue.univ-lille.fr\/index.php\/wp-json\/wp\/v2\/pages\/316","targetHints":{"allow":["GET"]}}],"collection":[{"href":"https:\/\/polymnia-revue.univ-lille.fr\/index.php\/wp-json\/wp\/v2\/pages"}],"about":[{"href":"https:\/\/polymnia-revue.univ-lille.fr\/index.php\/wp-json\/wp\/v2\/types\/page"}],"author":[{"embeddable":true,"href":"https:\/\/polymnia-revue.univ-lille.fr\/index.php\/wp-json\/wp\/v2\/users\/1"}],"replies":[{"embeddable":true,"href":"https:\/\/polymnia-revue.univ-lille.fr\/index.php\/wp-json\/wp\/v2\/comments?post=316"}],"version-history":[{"count":9,"href":"https:\/\/polymnia-revue.univ-lille.fr\/index.php\/wp-json\/wp\/v2\/pages\/316\/revisions"}],"predecessor-version":[{"id":337,"href":"https:\/\/polymnia-revue.univ-lille.fr\/index.php\/wp-json\/wp\/v2\/pages\/316\/revisions\/337"}],"wp:attachment":[{"href":"https:\/\/polymnia-revue.univ-lille.fr\/index.php\/wp-json\/wp\/v2\/media?parent=316"}],"curies":[{"name":"wp","href":"https:\/\/api.w.org\/{rel}","templated":true}]}}