{"id":284,"date":"2019-12-23T09:46:18","date_gmt":"2019-12-23T08:46:18","guid":{"rendered":"https:\/\/polymnia-revue.univ-lille3.fr\/?page_id=284"},"modified":"2020-01-29T15:37:25","modified_gmt":"2020-01-29T14:37:25","slug":"numero-4-2019","status":"publish","type":"page","link":"https:\/\/polymnia-revue.univ-lille.fr\/index.php\/numero-4-2019\/","title":{"rendered":"Num\u00e9ro 4 | 2019"},"content":{"rendered":"\n<p><strong>Iris Sulimani<\/strong><br><span style=\"color: #e08c1b;\"><strong>Diodorus&rsquo; Mythography&nbsp;: The Distinctive Features of Mythology within Universal History<\/strong><\/span> [<a href=\"https:\/\/polymnia-revue.univ-lille.fr\/pdf\/2019\/Polymnia-4-2019-1-Sulimani-resume.pdf\">R\u00e9sum\u00e9<\/a>][<a href=\"https:\/\/polymnia-revue.univ-lille.fr\/pdf\/2019\/Polymnia-4-2019-1-Sulimani.pdf\">Texte int\u00e9gral<\/a>]<\/p>\n\n\n\n<p><strong>Alexandra Trachsel<\/strong> <br><span style=\"color: #e08c1b;\"><strong>Mythographie&nbsp;: commenter Hom\u00e8re ou collectionner des r\u00e9cits mythologiques&nbsp;? L\u2019exemple d\u2019Apollon Sminth\u00e9e<\/strong><\/span> [<a href=\"https:\/\/polymnia-revue.univ-lille.fr\/pdf\/2019\/Polymnia-4-2019-2-Trachsel-resume.pdf\">R\u00e9sum\u00e9<\/a>][<a href=\"https:\/\/polymnia-revue.univ-lille.fr\/pdf\/2019\/Polymnia-4-2019-2-Trachsel.pdf\">Texte int\u00e9gral<\/a>]<\/p>\n\n\n\n<p><strong>Charles Delattre<\/strong><br><span style=\"color: #e08c1b;\"><strong>Duplications, r\u00e9\u00e9critures et intertextualit\u00e9 chez Antoninus Liberalis. C\u00e9phale, Procris et le renard de Teumesse<\/strong><\/span> [<a href=\"https:\/\/polymnia-revue.univ-lille.fr\/pdf\/2019\/Polymnia-4-2019-3-Delattre-resume.pdf\">R\u00e9sum\u00e9<\/a>][<a href=\"https:\/\/polymnia-revue.univ-lille.fr\/pdf\/2019\/Polymnia-4-2019-3-Delattre.pdf\">Texte int\u00e9gral<\/a>]<\/p>\n\n\n\n<p><strong>Jacqueline Fabre-Serris<\/strong> <strong><br><span style=\"color: #e08c1b;\">Le mythe th\u00e9bain \u00e0 Rome&nbsp;: les fables 66-75 d\u2019Hygin. L\u2019interpr\u00e9tation d\u2019un mythographe<\/span><\/strong> [<a href=\"https:\/\/polymnia-revue.univ-lille.fr\/pdf\/2019\/Polymnia-4-2019-4-Fabre-Serris-resume.pdf\">R\u00e9sum\u00e9<\/a>][<a href=\"https:\/\/polymnia-revue.univ-lille.fr\/pdf\/2019\/Polymnia-4-2019-4-Fabre-Serris.pdf\">Texte int\u00e9gral<\/a>]<\/p>\n\n\n\n<p><strong>Giuseppe Ramires<br><span style=\"color: #e08c1b;\">Il testo di Servio nei <em>Mitografi Vaticani I<\/em> e <em>II.<\/em> Primo contributo<\/span><\/strong> [<a href=\"https:\/\/polymnia-revue.univ-lille.fr\/pdf\/2019\/Polymnia-4-2019-5-Ramires-resume.pdf\">R\u00e9sum\u00e9<\/a>][<a href=\"https:\/\/polymnia-revue.univ-lille.fr\/pdf\/2019\/Polymnia-4-2019-5-Ramires.pdf\">Texte int\u00e9gral<\/a>]<\/p>\n\n\n\n<p><strong>Chiara Meccariello<\/strong><br><strong><span style=\"color: #e08c1b;\">Impulso mitografico e mitografia nelle pratiche educative greche antiche <\/span><\/strong>[<a href=\"https:\/\/polymnia-revue.univ-lille.fr\/pdf\/2019\/Polymnia-4-2019-6-Meccariello-resume.pdf\">R\u00e9sum\u00e9<\/a>][<a href=\"https:\/\/polymnia-revue.univ-lille.fr\/pdf\/2019\/Polymnia-4-2019-6-Meccariello.pdf\">Texte int\u00e9gral<\/a>]<\/p>\n\n\n\n<p><strong>Alessio Ruta<\/strong><br><strong><span style=\"color: #e08c1b;\">Tra mito ed esegesi: interpretazioni mitografiche nella tradizione paremiografica?<\/span><\/strong>[<a href=\"https:\/\/polymnia-revue.univ-lille.fr\/pdf\/2019\/Polymnia-4-2019-7-Ruta-resume.pdf\">R\u00e9sum\u00e9<\/a>][<a href=\"https:\/\/polymnia-revue.univ-lille.fr\/pdf\/2019\/Polymnia-4-2019-7-Ruta.pdf\">Texte int\u00e9gral<\/a>] <\/p>\n","protected":false},"excerpt":{"rendered":"<p>Iris SulimaniDiodorus&rsquo; Mythography&nbsp;: The Distinctive Features of Mythology within Universal History [R\u00e9sum\u00e9][Texte int\u00e9gral] Alexandra Trachsel Mythographie&nbsp;: commenter Hom\u00e8re ou collectionner des r\u00e9cits mythologiques&nbsp;? L\u2019exemple d\u2019Apollon Sminth\u00e9e [R\u00e9sum\u00e9][Texte int\u00e9gral] Charles DelattreDuplications, r\u00e9\u00e9critures et intertextualit\u00e9 chez Antoninus Liberalis. C\u00e9phale, Procris et le &hellip; <a href=\"https:\/\/polymnia-revue.univ-lille.fr\/index.php\/numero-4-2019\/\">Continuer la lecture <span class=\"meta-nav\">&rarr;<\/span><\/a><\/p>\n","protected":false},"author":1,"featured_media":0,"parent":0,"menu_order":0,"comment_status":"closed","ping_status":"closed","template":"sidebar-page.php","meta":{"footnotes":""},"class_list":["post-284","page","type-page","status-publish","hentry"],"jetpack_sharing_enabled":true,"_links":{"self":[{"href":"https:\/\/polymnia-revue.univ-lille.fr\/index.php\/wp-json\/wp\/v2\/pages\/284","targetHints":{"allow":["GET"]}}],"collection":[{"href":"https:\/\/polymnia-revue.univ-lille.fr\/index.php\/wp-json\/wp\/v2\/pages"}],"about":[{"href":"https:\/\/polymnia-revue.univ-lille.fr\/index.php\/wp-json\/wp\/v2\/types\/page"}],"author":[{"embeddable":true,"href":"https:\/\/polymnia-revue.univ-lille.fr\/index.php\/wp-json\/wp\/v2\/users\/1"}],"replies":[{"embeddable":true,"href":"https:\/\/polymnia-revue.univ-lille.fr\/index.php\/wp-json\/wp\/v2\/comments?post=284"}],"version-history":[{"count":9,"href":"https:\/\/polymnia-revue.univ-lille.fr\/index.php\/wp-json\/wp\/v2\/pages\/284\/revisions"}],"predecessor-version":[{"id":327,"href":"https:\/\/polymnia-revue.univ-lille.fr\/index.php\/wp-json\/wp\/v2\/pages\/284\/revisions\/327"}],"wp:attachment":[{"href":"https:\/\/polymnia-revue.univ-lille.fr\/index.php\/wp-json\/wp\/v2\/media?parent=284"}],"curies":[{"name":"wp","href":"https:\/\/api.w.org\/{rel}","templated":true}]}}