{"id":247,"date":"2018-07-19T15:12:28","date_gmt":"2018-07-19T14:12:28","guid":{"rendered":"https:\/\/polymnia-revue.univ-lille3.fr\/?page_id=247"},"modified":"2019-05-10T16:17:34","modified_gmt":"2019-05-10T15:17:34","slug":"legal-notices","status":"publish","type":"page","link":"https:\/\/polymnia-revue.univ-lille.fr\/index.php\/legal-notices\/","title":{"rendered":"Legal notices"},"content":{"rendered":"<h4><strong>Identification<\/strong><\/h4>\n<p>Revue Polymnia\u00a0\u2013 ISSN 2491-1704<\/p>\n<p><strong>This website is maintained by:<br \/>\n<\/strong>Universit\u00e9\u00a0 de Lille<br \/>\n42 rue Paul Duez<br \/>\n59000 Lille<br \/>\nOrganisational structure and legal form: \u00e9tablissement public \u00e0 caract\u00e8re scientifique, culturel et professionnel<br \/>\nEmail : contact at univ-lille.fr \/ olivier.rafidison at univ-lille.fr<\/p>\n<p><strong>This website is represented by:<br \/>\n<\/strong>St\u00e9phane Benoist, Directeur de l\u2019unit\u00e9 HALMA, UMR 8164<\/p>\n<p><strong>Editor-in-chief<br \/>\n<\/strong>Jacqueline Fabre-Serris, Professeure de Langue et Litt\u00e9rature latines<br \/>\nCharles Delattre,\u00a0Professeur de langue et litt\u00e9rature grecques antiques<\/p>\n<p><strong>Webmaster<br \/>\n<\/strong>Olivier Rafidison<\/p>\n<p><strong>This website is hosted by:<br \/>\n<\/strong>Centre de Ressources Informatiques<br \/>\nUniversit\u00e9 de Lille<br \/>\nDomaine universitaire du \u00ab\u00a0Pont de Bois rue du Barreau<br \/>\nBP 60149,<br \/>\n59653 Lille<strong><br \/>\n<\/strong><\/p>\n<p><strong>Designed by:<\/strong><br \/>\nOlivier Rafidison<\/p>\n<p><strong>Powered by:<\/strong><br \/>\nWordPress, theme Twenty Eleven<\/p>\n","protected":false},"excerpt":{"rendered":"<p>Identification Revue Polymnia\u00a0\u2013 ISSN 2491-1704 This website is maintained by: Universit\u00e9\u00a0 de Lille 42 rue Paul Duez 59000 Lille Organisational structure and legal form: \u00e9tablissement public \u00e0 caract\u00e8re scientifique, culturel et professionnel Email : contact at univ-lille.fr \/ olivier.rafidison at &hellip; <a href=\"https:\/\/polymnia-revue.univ-lille.fr\/index.php\/legal-notices\/\">Continuer la lecture <span class=\"meta-nav\">&rarr;<\/span><\/a><\/p>\n","protected":false},"author":1,"featured_media":0,"parent":0,"menu_order":0,"comment_status":"closed","ping_status":"closed","template":"sidebar-page.php","meta":{"footnotes":""},"class_list":["post-247","page","type-page","status-publish","hentry"],"jetpack_sharing_enabled":true,"_links":{"self":[{"href":"https:\/\/polymnia-revue.univ-lille.fr\/index.php\/wp-json\/wp\/v2\/pages\/247","targetHints":{"allow":["GET"]}}],"collection":[{"href":"https:\/\/polymnia-revue.univ-lille.fr\/index.php\/wp-json\/wp\/v2\/pages"}],"about":[{"href":"https:\/\/polymnia-revue.univ-lille.fr\/index.php\/wp-json\/wp\/v2\/types\/page"}],"author":[{"embeddable":true,"href":"https:\/\/polymnia-revue.univ-lille.fr\/index.php\/wp-json\/wp\/v2\/users\/1"}],"replies":[{"embeddable":true,"href":"https:\/\/polymnia-revue.univ-lille.fr\/index.php\/wp-json\/wp\/v2\/comments?post=247"}],"version-history":[{"count":3,"href":"https:\/\/polymnia-revue.univ-lille.fr\/index.php\/wp-json\/wp\/v2\/pages\/247\/revisions"}],"predecessor-version":[{"id":282,"href":"https:\/\/polymnia-revue.univ-lille.fr\/index.php\/wp-json\/wp\/v2\/pages\/247\/revisions\/282"}],"wp:attachment":[{"href":"https:\/\/polymnia-revue.univ-lille.fr\/index.php\/wp-json\/wp\/v2\/media?parent=247"}],"curies":[{"name":"wp","href":"https:\/\/api.w.org\/{rel}","templated":true}]}}