{"id":238,"date":"2018-07-19T15:02:55","date_gmt":"2018-07-19T14:02:55","guid":{"rendered":"https:\/\/polymnia-revue.univ-lille3.fr\/?page_id=238"},"modified":"2018-07-19T15:02:55","modified_gmt":"2018-07-19T14:02:55","slug":"issue-3-2017","status":"publish","type":"page","link":"https:\/\/polymnia-revue.univ-lille.fr\/index.php\/issue-3-2017\/","title":{"rendered":"Issue 3 | 2017"},"content":{"rendered":"<p><strong>Alexandra Trachsel<\/strong><br \/>\n<span style=\"color: #e08c1b;\"><strong>D\u00e9m\u00e9trios de Scepsis et son \u03a4\u03c1\u03c9\u03ca\u03ba\u1f78\u03c2 \u03b4\u03b9\u1f71\u03ba\u03bf\u03c3\u03bc\u03bf\u03c2, ou comment ordonner le pass\u00e9 mythologique de la Troade au II<sup>e<\/sup> si\u00e8cle av. J.-C<\/strong>.<\/span> [<a href=\"https:\/\/polymnia-revue.univ-lille.fr\/pdf\/2017\/Polymnia-3-2017-1-Trachsel-resume.pdf\">Abstract<\/a>][<a href=\"https:\/\/polymnia-revue.univ-lille.fr\/pdf\/2017\/Polymnia-3-2017-1-Trachsel.pdf\">Full text<\/a>]<\/p>\n<p><strong>Jacqueline Fabre-Serris<\/strong><br \/>\n<span style=\"color: #e08c1b;\"><strong>Un exemple de s\u00e9lection, ordre et traitement mythographique chez Hygin\u00a0: les fables 1-27<\/strong><\/span> [<a href=\"https:\/\/polymnia-revue.univ-lille.fr\/pdf\/2017\/Polymnia-3-2017-2-Fabre-Serris-resume.pdf\">Abstract<\/a>][<a href=\"https:\/\/polymnia-revue.univ-lille.fr\/pdf\/2017\/Polymnia-3-2017-2-Fabre-Serris.pdf\">Full text<\/a>]<\/p>\n<p><strong>Charles Delattre<\/strong><br \/>\n<span style=\"color: #e08c1b;\"><strong>L\u2019alphabet au secours de la g\u00e9ographie. (D\u00e9s)organiser le <em>De fluviis<\/em> du pseudo-Plutarque <\/strong><\/span>[<a href=\"https:\/\/polymnia-revue.univ-lille.fr\/pdf\/2017\/Polymnia-3-2017-3-Delattre-resume.pdf\">Abstract<\/a>][<a href=\"https:\/\/polymnia-revue.univ-lille.fr\/pdf\/2017\/Polymnia-3-2017-3-Delattre.pdf\">Full text<\/a>]<\/p>\n<p><strong>R. Scott Smith<br \/>\n<span style=\"color: #e08c1b;\">Myth and Mythography in Pliny\u2019s Geography, <em>Naturalis Historia<\/em> 3\u20136<\/span>\u00a0<\/strong>[<a href=\"https:\/\/polymnia-revue.univ-lille.fr\/pdf\/2017\/Polymnia-3-2017-4-Smith-resume.pdf\">Abstract<\/a>][<a href=\"https:\/\/polymnia-revue.univ-lille.fr\/pdf\/2017\/Polymnia-3-2017-4-Smith.pdf\">Full text<\/a>]<\/p>\n<p><strong>Gis\u00e8le Besson<br \/>\n<span style=\"color: #e08c1b;\">\u00c9crire apr\u00e8s Fulgence : ordre et d\u00e9sordre des mythes chez quelques lecteurs des <em>Mitologiarum Libri<\/em><\/span>\u00a0<\/strong>[<a href=\"https:\/\/polymnia-revue.univ-lille.fr\/pdf\/2017\/Polymnia-3-2017-5-Besson-resume.pdf\">Abstract<\/a>][<a href=\"https:\/\/polymnia-revue.univ-lille.fr\/pdf\/2017\/Polymnia-3-2017-5-Besson.pdf\">Full text<\/a>]<\/p>\n<p><strong>Jean-Yves Tilliette<\/strong><br \/>\n<span style=\"color: #e08c1b;\"><strong>Coluccio Salutati \u00e0 la crois\u00e9e des chemins. Structure, sources, m\u00e9thodes et intentions du <em>De laboribus Herculis <\/em><\/strong><\/span>[<a href=\"https:\/\/polymnia-revue.univ-lille.fr\/pdf\/2017\/Polymnia-3-2017-6-Tilliette-resume.pdf\">Abstract<\/a>][<a href=\"https:\/\/polymnia-revue.univ-lille.fr\/pdf\/2017\/Polymnia-3-2017-6-Tilliette.pdf\">Full text<\/a>]<\/p>\n<p><strong>Minerva Alganza Rold\u00e1n, Julian Barr, Greta Hawes<\/strong><br \/>\n<span style=\"color: #e08c1b;\"><strong>The reception history of Palaephatus 1 (On the Centaurs) in Ancient and Byzantine texts<\/strong><\/span>\u00a0[<a href=\"https:\/\/polymnia-revue.univ-lille.fr\/pdf\/2017\/Polymnia-3-2017-7-Alganza-Barr-Hawes-resume.pdf\">Abstract<\/a>][<a href=\"https:\/\/polymnia-revue.univ-lille.fr\/pdf\/2017\/Polymnia-3-2017-7-Alganza-Barr-Hawes.pdf\">Full text<\/a>]<\/p>\n","protected":false},"excerpt":{"rendered":"<p>Alexandra Trachsel D\u00e9m\u00e9trios de Scepsis et son \u03a4\u03c1\u03c9\u03ca\u03ba\u1f78\u03c2 \u03b4\u03b9\u1f71\u03ba\u03bf\u03c3\u03bc\u03bf\u03c2, ou comment ordonner le pass\u00e9 mythologique de la Troade au IIe si\u00e8cle av. J.-C. [Abstract][Full text] Jacqueline Fabre-Serris Un exemple de s\u00e9lection, ordre et traitement mythographique chez Hygin\u00a0: les fables 1-27 &hellip; <a href=\"https:\/\/polymnia-revue.univ-lille.fr\/index.php\/issue-3-2017\/\">Continuer la lecture <span class=\"meta-nav\">&rarr;<\/span><\/a><\/p>\n","protected":false},"author":1,"featured_media":0,"parent":0,"menu_order":0,"comment_status":"closed","ping_status":"closed","template":"sidebar-page.php","meta":{"footnotes":""},"class_list":["post-238","page","type-page","status-publish","hentry"],"jetpack_sharing_enabled":true,"_links":{"self":[{"href":"https:\/\/polymnia-revue.univ-lille.fr\/index.php\/wp-json\/wp\/v2\/pages\/238","targetHints":{"allow":["GET"]}}],"collection":[{"href":"https:\/\/polymnia-revue.univ-lille.fr\/index.php\/wp-json\/wp\/v2\/pages"}],"about":[{"href":"https:\/\/polymnia-revue.univ-lille.fr\/index.php\/wp-json\/wp\/v2\/types\/page"}],"author":[{"embeddable":true,"href":"https:\/\/polymnia-revue.univ-lille.fr\/index.php\/wp-json\/wp\/v2\/users\/1"}],"replies":[{"embeddable":true,"href":"https:\/\/polymnia-revue.univ-lille.fr\/index.php\/wp-json\/wp\/v2\/comments?post=238"}],"version-history":[{"count":1,"href":"https:\/\/polymnia-revue.univ-lille.fr\/index.php\/wp-json\/wp\/v2\/pages\/238\/revisions"}],"predecessor-version":[{"id":239,"href":"https:\/\/polymnia-revue.univ-lille.fr\/index.php\/wp-json\/wp\/v2\/pages\/238\/revisions\/239"}],"wp:attachment":[{"href":"https:\/\/polymnia-revue.univ-lille.fr\/index.php\/wp-json\/wp\/v2\/media?parent=238"}],"curies":[{"name":"wp","href":"https:\/\/api.w.org\/{rel}","templated":true}]}}