{"id":229,"date":"2018-07-19T15:00:25","date_gmt":"2018-07-19T14:00:25","guid":{"rendered":"https:\/\/polymnia-revue.univ-lille3.fr\/?page_id=229"},"modified":"2023-03-31T09:37:11","modified_gmt":"2023-03-31T08:37:11","slug":"this-journal-home","status":"publish","type":"page","link":"https:\/\/polymnia-revue.univ-lille.fr\/index.php\/this-journal-home\/","title":{"rendered":"This Journal &#8211; Home"},"content":{"rendered":"<p style=\"text-align: justify;\"><img loading=\"lazy\" decoding=\"async\" class=\" size-full wp-image-37 alignleft\" src=\"https:\/\/polymnia-revue.univ-lille.fr\/wp-content\/uploads\/2015\/03\/statue-accueil-8.jpg\" alt=\"statue-accueil-8\" width=\"179\" height=\"259\" \/><\/p>\r\n<p style=\"text-align: justify;\">The international network <em>Polymnia<\/em>, created in 1999 by Jacqueline Fabre-Serris and Fran\u00e7oise Graziani to promote the study of the mythographical tradition in Europe from Antiquity to the 17<sup>th<\/sup> Century has developed two types of activities: a programme of conferences in the various partner institutions and the publications of bilingual texts with translations and notes in the series <em>Mythographes<\/em> (Presses Universitaires du Septentrion).<br \/>The journal <em>Polymnia<\/em> continues the research programme of the network. It offers a space for interdisciplinary and diachronic reflection and debate about mythographical texts in Antiquity, in the Middles Ages, and in the Renaissance.<br \/><a href=\"https:\/\/polymnia-revue.univ-lille.fr\/eng\/index.php\/this-journal\/\">More<\/a><\/p>\r\n<p style=\"text-align: right;\">Journal Polymnia &#8211; ISSN 2491-1704<\/p>\r\n<p>Latest edition<br \/><span style=\"color: #e08c1b;\"><strong>2022<\/strong><\/span><\/p>\r\n<hr class=\"wp-block-separator\" \/>\r\n\r\n\r\n<p><strong>Charles Delattre <span style=\"color: #e08c1b;\"><strong>Pr\u00e9sentation<\/strong><\/span><\/strong> [<a href=\"https:\/\/polymnia-revue.univ-lille.fr\/pdf\/2022\/Polymnia-7-2022-Presentation-Delattre.pdf\">Full text<\/a>]<\/p>\r\n\r\n\r\n\r\n<p><strong>Marcos Martinho\u00a0<span style=\"color: #e08c1b;\"><strong>Te\u00e1genes de R\u00e9gio e Metrodoro de L\u00e2mpsaco. Acerca da paternidade da exegese aleg\u00f3rica dos mitos hom\u00e9rico<\/strong><\/span><\/strong> [<a href=\"https:\/\/polymnia-revue.univ-lille.fr\/pdf\/2022\/Polymnia-7-2022-1-Martinho-resume.pdf\">Abstract<\/a>][<a href=\"https:\/\/polymnia-revue.univ-lille.fr\/pdf\/2022\/Polymnia-7-2022-1-Martinho.pdf\">Full text<\/a>]<\/p>\r\n\r\n\r\n\r\n<p><strong>Scott Smith\u00a0<span style=\"color: #e08c1b;\"><strong>Homer\u2019s <em>Iliad<\/em> and <em>Odyssey<\/em> in Hyginus\u2019 <em>Fabulae<\/em><\/strong><\/span><\/strong> [<a href=\"https:\/\/polymnia-revue.univ-lille.fr\/pdf\/2022\/Polymnia-7-2022-2-Smith-resume.pdf\">Abstract<\/a>][<a href=\"https:\/\/polymnia-revue.univ-lille.fr\/pdf\/2022\/Polymnia-7-2022-2-Smith.pdf\">Full text<\/a>]\r\n<\/p>\r\n\r\n\r\n\r\n<p><strong>Sarah Spence\u00a0<span style=\"color: #e08c1b;\"><strong>The Mythography of Proserpina. Geography and Power<\/strong><\/span><\/strong> [<a href=\"https:\/\/polymnia-revue.univ-lille.fr\/pdf\/2022\/Polymnia-7-2022-3-Spence-resume.pdf\">Abstract<\/a>][<a href=\"https:\/\/polymnia-revue.univ-lille.fr\/pdf\/2022\/Polymnia-7-2022-3-Spence.pdf\">Full text<\/a>]<\/p>\r\n\r\n\r\n\r\n<p><strong>Julieta Cardigni <span style=\"color: #e08c1b;\">Una versi\u00f3n tardoantigua de un mito hom\u00e9rico. <em>Concubitus Martis et Veneris<\/em> de Reposiano<\/span><\/strong> [<a href=\"https:\/\/polymnia-revue.univ-lille.fr\/pdf\/2022\/Polymnia-7-2022-4-Cardigni-resume.pdf\">Abstract<\/a>][<a href=\"https:\/\/polymnia-revue.univ-lille.fr\/pdf\/2022\/Polymnia-7-2022-4-Cardigni.pdf\">Full text<\/a>]<\/p>\r\n\r\n\r\n\r\n<p><strong>Valeria Flavia Lovato\u00a0<span style=\"color: #e08c1b;\">Porgere l\u2019(altra)\u2026 coscia. Oscuri proverbi bizantini e insoliti fatti troiani<\/span><\/strong> [<a href=\"https:\/\/polymnia-revue.univ-lille.fr\/pdf\/2022\/Polymnia-7-2022-5-Lovato-resume.pdf\">Abstract<\/a>][<a href=\"https:\/\/polymnia-revue.univ-lille.fr\/pdf\/2022\/Polymnia-7-2022-5-Lovato.pdf\">Full text<\/a>]<\/p>\r\n\r\n\r\n\r\n<p><strong>Tommaso Braccini\u00a0<span style=\"color: #e08c1b;\">L\u2019anello del Ciclope. L\u2019episodio di Polifemo tra Omero, il <em>Dolopathos<\/em> e il folklore<\/span><\/strong> [<a href=\"https:\/\/polymnia-revue.univ-lille.fr\/pdf\/2022\/Polymnia-7-2022-6-Braccini-resume.pdf\">Abstract<\/a>][<a href=\"https:\/\/polymnia-revue.univ-lille.fr\/pdf\/2022\/Polymnia-7-2022-6-Braccini.pdf\">Full text<\/a>]<\/p>\r\n\r\n\r\n\r\n<p><strong>Philip Ford <span style=\"color: #e08c1b;\">Les <em>Probl\u00e8mes hom\u00e9riques<\/em> d\u2019H\u00e9raclite le rh\u00e9teur \u00e0 la Renaissance<\/span><\/strong>\u00a0[<a href=\"https:\/\/polymnia-revue.univ-lille.fr\/pdf\/2022\/Polymnia-7-2022-7-Ford.pdf\">Full text<\/a>]<\/p>","protected":false},"excerpt":{"rendered":"<p>The international network Polymnia, created in 1999 by Jacqueline Fabre-Serris and Fran\u00e7oise Graziani to promote the study of the mythographical tradition in Europe from Antiquity to the 17th Century has developed two types of activities: a programme of conferences in &hellip; <a href=\"https:\/\/polymnia-revue.univ-lille.fr\/index.php\/this-journal-home\/\">Continuer la lecture <span class=\"meta-nav\">&rarr;<\/span><\/a><\/p>\n","protected":false},"author":1,"featured_media":0,"parent":0,"menu_order":0,"comment_status":"closed","ping_status":"open","template":"sidebar-page.php","meta":{"footnotes":""},"class_list":["post-229","page","type-page","status-publish","hentry"],"jetpack_sharing_enabled":true,"_links":{"self":[{"href":"https:\/\/polymnia-revue.univ-lille.fr\/index.php\/wp-json\/wp\/v2\/pages\/229","targetHints":{"allow":["GET"]}}],"collection":[{"href":"https:\/\/polymnia-revue.univ-lille.fr\/index.php\/wp-json\/wp\/v2\/pages"}],"about":[{"href":"https:\/\/polymnia-revue.univ-lille.fr\/index.php\/wp-json\/wp\/v2\/types\/page"}],"author":[{"embeddable":true,"href":"https:\/\/polymnia-revue.univ-lille.fr\/index.php\/wp-json\/wp\/v2\/users\/1"}],"replies":[{"embeddable":true,"href":"https:\/\/polymnia-revue.univ-lille.fr\/index.php\/wp-json\/wp\/v2\/comments?post=229"}],"version-history":[{"count":11,"href":"https:\/\/polymnia-revue.univ-lille.fr\/index.php\/wp-json\/wp\/v2\/pages\/229\/revisions"}],"predecessor-version":[{"id":402,"href":"https:\/\/polymnia-revue.univ-lille.fr\/index.php\/wp-json\/wp\/v2\/pages\/229\/revisions\/402"}],"wp:attachment":[{"href":"https:\/\/polymnia-revue.univ-lille.fr\/index.php\/wp-json\/wp\/v2\/media?parent=229"}],"curies":[{"name":"wp","href":"https:\/\/api.w.org\/{rel}","templated":true}]}}