{"id":223,"date":"2018-07-19T14:55:45","date_gmt":"2018-07-19T13:55:45","guid":{"rendered":"https:\/\/polymnia-revue.univ-lille3.fr\/?page_id=223"},"modified":"2021-05-06T10:29:04","modified_gmt":"2021-05-06T09:29:04","slug":"editorial-boards-and-committees","status":"publish","type":"page","link":"https:\/\/polymnia-revue.univ-lille.fr\/index.php\/editorial-boards-and-committees\/","title":{"rendered":"Editorial boards and committees"},"content":{"rendered":"<p><strong>Editors<\/strong><br \/>\nCharles Delattre (Univ. Lille)<br \/>\nJacqueline Fabre-Serris (Univ. Lille)<\/p>\n<p><strong>Editorial Committee<\/strong><br \/>\nConsuelo Alvarez (Universidad de Murcia), S\u00e9verine Cl\u00e9ment-Tarantino (Universit\u00e9 de Lille), Frank Coulson (Ohio State University), Maria-Luisa Delvigo (Universit\u00e0 di Udine), Fran\u00e7oise Graziani (Universit\u00e9 de Corse), Jordi Pamias (Universitat Aut\u00f2noma de Barcelona), Jean-Yves Tilliette (Universit\u00e9 de Gen\u00e8ve), Arnaud Zucker \u00a0(Universit\u00e9 de Nice).<\/p>\n<p><strong>Scientific Committee<\/strong><br \/>\nMinerva Alganza (Universidad de Grenada), C\u00e9line Bonhert (Universit\u00e9 d\u2019Amiens), Jacques Boulogne (Universit\u00e9 de Lille), David Bouvier (Universit\u00e9 de Lausanne), Esteban Calder\u00f3n Dorda (Universitad de Murcia), Robert Fowler (Bristol University), Greta Hawes (Australian National University), Giorgio Ierano (Universit\u00e0 di Trento), Fran\u00e7ois Lissarrague (EHESS), Giuseppe Ramirez, Scott Smith (University of New Hampshire), Sarah Spence (University of Georgia), Stephen Trzaskoma (University of New Hampshire).<\/p>\n<p>&nbsp;<\/p>\n","protected":false},"excerpt":{"rendered":"<p>Editors Charles Delattre (Univ. Lille) Jacqueline Fabre-Serris (Univ. Lille) Editorial Committee Consuelo Alvarez (Universidad de Murcia), S\u00e9verine Cl\u00e9ment-Tarantino (Universit\u00e9 de Lille), Frank Coulson (Ohio State University), Maria-Luisa Delvigo (Universit\u00e0 di Udine), Fran\u00e7oise Graziani (Universit\u00e9 de Corse), Jordi Pamias (Universitat Aut\u00f2noma &hellip; <a href=\"https:\/\/polymnia-revue.univ-lille.fr\/index.php\/editorial-boards-and-committees\/\">Continuer la lecture <span class=\"meta-nav\">&rarr;<\/span><\/a><\/p>\n","protected":false},"author":1,"featured_media":0,"parent":0,"menu_order":0,"comment_status":"closed","ping_status":"open","template":"sidebar-page.php","meta":{"footnotes":""},"class_list":["post-223","page","type-page","status-publish","hentry"],"jetpack_sharing_enabled":true,"_links":{"self":[{"href":"https:\/\/polymnia-revue.univ-lille.fr\/index.php\/wp-json\/wp\/v2\/pages\/223","targetHints":{"allow":["GET"]}}],"collection":[{"href":"https:\/\/polymnia-revue.univ-lille.fr\/index.php\/wp-json\/wp\/v2\/pages"}],"about":[{"href":"https:\/\/polymnia-revue.univ-lille.fr\/index.php\/wp-json\/wp\/v2\/types\/page"}],"author":[{"embeddable":true,"href":"https:\/\/polymnia-revue.univ-lille.fr\/index.php\/wp-json\/wp\/v2\/users\/1"}],"replies":[{"embeddable":true,"href":"https:\/\/polymnia-revue.univ-lille.fr\/index.php\/wp-json\/wp\/v2\/comments?post=223"}],"version-history":[{"count":3,"href":"https:\/\/polymnia-revue.univ-lille.fr\/index.php\/wp-json\/wp\/v2\/pages\/223\/revisions"}],"predecessor-version":[{"id":346,"href":"https:\/\/polymnia-revue.univ-lille.fr\/index.php\/wp-json\/wp\/v2\/pages\/223\/revisions\/346"}],"wp:attachment":[{"href":"https:\/\/polymnia-revue.univ-lille.fr\/index.php\/wp-json\/wp\/v2\/media?parent=223"}],"curies":[{"name":"wp","href":"https:\/\/api.w.org\/{rel}","templated":true}]}}