{"id":22,"date":"2015-03-05T16:09:08","date_gmt":"2015-03-05T15:09:08","guid":{"rendered":"https:\/\/polymnia-revue.univ-lille3.fr\/?page_id=22"},"modified":"2023-03-31T09:36:47","modified_gmt":"2023-03-31T08:36:47","slug":"la-revue","status":"publish","type":"page","link":"https:\/\/polymnia-revue.univ-lille.fr\/","title":{"rendered":"La revue &#8211; accueil"},"content":{"rendered":"<p style=\"text-align: justify;\"><img loading=\"lazy\" decoding=\"async\" class=\" size-full wp-image-37 alignleft\" src=\"https:\/\/polymnia-revue.univ-lille.fr\/wp-content\/uploads\/2015\/03\/statue-accueil-8.jpg\" alt=\"statue-accueil-8\" width=\"179\" height=\"259\" \/><\/p>\r\n<p style=\"text-align: justify;\">Le r\u00e9seau de recherche international <em>Polymnia<\/em>, cr\u00e9\u00e9 en 1999 par Jacqueline Fabre-Serris et Fran\u00e7oise Graziani pour promouvoir l\u2019\u00e9tude de la tradition mythographique de l\u2019Antiquit\u00e9 au 17\u00b0 si\u00e8cle, a d\u00e9velopp\u00e9 deux sortes d\u2019activit\u00e9s: des colloques entre les universit\u00e9s partenaires et une collection de textes bilingues, la collection \u00ab\u00a0Mythographes\u00a0\u00bb, publi\u00e9e aux Presses Universitaires du Septentrion.<br \/>La revue \u00e9lectronique <em>Polymnia <\/em>poursuit le programme de recherche du r\u00e9seau. Elle propose un espace de r\u00e9flexion et de d\u00e9bat, interdisciplinaire et diachronique, sp\u00e9cifiquement consacr\u00e9 aux textes mythographiques de l\u2019Antiquit\u00e9 \u00e0 la Renaissance.<\/p>\r\n<p><a href=\"https:\/\/polymnia-revue.univ-lille.fr\/index.php\/la-revue-2\/\">Lire la suite&#8230;<\/a><\/p>\r\n<p style=\"text-align: right;\">Revue Polymnia &#8211; ISSN 2491-1704<\/p>\r\n<p>Dernier num\u00e9ro en ligne<br \/><span style=\"color: #e08c1b;\"><strong>2022<\/strong><\/span><\/p>\r\n<hr class=\"wp-block-separator\" \/>\r\n\r\n\r\n<p><strong>Charles Delattre <span style=\"color: #e08c1b;\"><strong>Pr\u00e9sentation<\/strong><\/span><\/strong> [<a href=\"https:\/\/polymnia-revue.univ-lille.fr\/pdf\/2022\/Polymnia-7-2022-Presentation-Delattre.pdf\">Texte int\u00e9gral<\/a>]<\/p>\r\n\r\n\r\n\r\n<p><strong>Marcos Martinho\u00a0<span style=\"color: #e08c1b;\"><strong>Te\u00e1genes de R\u00e9gio e Metrodoro de L\u00e2mpsaco. Acerca da paternidade da exegese aleg\u00f3rica dos mitos hom\u00e9rico<\/strong><\/span><\/strong> [<a href=\"https:\/\/polymnia-revue.univ-lille.fr\/pdf\/2022\/Polymnia-7-2022-1-Martinho-resume.pdf\">R\u00e9sum\u00e9<\/a>][<a href=\"https:\/\/polymnia-revue.univ-lille.fr\/pdf\/2022\/Polymnia-7-2022-1-Martinho.pdf\">Texte int\u00e9gral<\/a>]<\/p>\r\n\r\n\r\n\r\n<p><strong>Scott Smith\u00a0<span style=\"color: #e08c1b;\"><strong>Homer\u2019s <em>Iliad<\/em> and <em>Odyssey<\/em> in Hyginus\u2019 <em>Fabulae<\/em><\/strong><\/span><\/strong> [<a href=\"https:\/\/polymnia-revue.univ-lille.fr\/pdf\/2022\/Polymnia-7-2022-2-Smith-resume.pdf\">R\u00e9sum\u00e9<\/a>][<a href=\"https:\/\/polymnia-revue.univ-lille.fr\/pdf\/2022\/Polymnia-7-2022-2-Smith.pdf\">Texte int\u00e9gral<\/a>]\r\n<\/p>\r\n\r\n\r\n\r\n<p><strong>Sarah Spence\u00a0<span style=\"color: #e08c1b;\"><strong>The Mythography of Proserpina. Geography and Power<\/strong><\/span><\/strong> [<a href=\"https:\/\/polymnia-revue.univ-lille.fr\/pdf\/2022\/Polymnia-7-2022-3-Spence-resume.pdf\">R\u00e9sum\u00e9<\/a>][<a href=\"https:\/\/polymnia-revue.univ-lille.fr\/pdf\/2022\/Polymnia-7-2022-3-Spence.pdf\">Texte int\u00e9gral<\/a>]<\/p>\r\n\r\n\r\n\r\n<p><strong>Julieta Cardigni <span style=\"color: #e08c1b;\">Una versi\u00f3n tardoantigua de un mito hom\u00e9rico. <em>Concubitus Martis et Veneris<\/em> de Reposiano<\/span><\/strong> [<a href=\"https:\/\/polymnia-revue.univ-lille.fr\/pdf\/2022\/Polymnia-7-2022-4-Cardigni-resume.pdf\">R\u00e9sum\u00e9<\/a>][<a href=\"https:\/\/polymnia-revue.univ-lille.fr\/pdf\/2022\/Polymnia-7-2022-4-Cardigni.pdf\">Texte int\u00e9gral<\/a>]<\/p>\r\n\r\n\r\n\r\n<p><strong>Valeria Flavia Lovato\u00a0<span style=\"color: #e08c1b;\">Porgere l\u2019(altra)\u2026 coscia. Oscuri proverbi bizantini e insoliti fatti troiani<\/span><\/strong> [<a href=\"https:\/\/polymnia-revue.univ-lille.fr\/pdf\/2022\/Polymnia-7-2022-5-Lovato-resume.pdf\">R\u00e9sum\u00e9<\/a>][<a href=\"https:\/\/polymnia-revue.univ-lille.fr\/pdf\/2022\/Polymnia-7-2022-5-Lovato.pdf\">Texte int\u00e9gral<\/a>]<\/p>\r\n\r\n\r\n\r\n<p><strong>Tommaso Braccini\u00a0<span style=\"color: #e08c1b;\">L\u2019anello del Ciclope. L\u2019episodio di Polifemo tra Omero, il <em>Dolopathos<\/em> e il folklore<\/span><\/strong> [<a href=\"https:\/\/polymnia-revue.univ-lille.fr\/pdf\/2022\/Polymnia-7-2022-6-Braccini-resume.pdf\">R\u00e9sum\u00e9<\/a>][<a href=\"https:\/\/polymnia-revue.univ-lille.fr\/pdf\/2022\/Polymnia-7-2022-6-Braccini.pdf\">Texte int\u00e9gral<\/a>]<\/p>\r\n\r\n\r\n\r\n<p><strong>Philip Ford <span style=\"color: #e08c1b;\">Les <em>Probl\u00e8mes hom\u00e9riques<\/em> d\u2019H\u00e9raclite le rh\u00e9teur \u00e0 la Renaissance<\/span><\/strong>\u00a0[<a href=\"https:\/\/polymnia-revue.univ-lille.fr\/pdf\/2022\/Polymnia-7-2022-7-Ford.pdf\">Texte int\u00e9gral<\/a>]<\/p>","protected":false},"excerpt":{"rendered":"<p>Le r\u00e9seau de recherche international Polymnia, cr\u00e9\u00e9 en 1999 par Jacqueline Fabre-Serris et Fran\u00e7oise Graziani pour promouvoir l\u2019\u00e9tude de la tradition mythographique de l\u2019Antiquit\u00e9 au 17\u00b0 si\u00e8cle, a d\u00e9velopp\u00e9 deux sortes d\u2019activit\u00e9s: des colloques entre les universit\u00e9s partenaires et une &hellip; <a href=\"https:\/\/polymnia-revue.univ-lille.fr\/\">Continuer la lecture <span class=\"meta-nav\">&rarr;<\/span><\/a><\/p>\n","protected":false},"author":1,"featured_media":0,"parent":0,"menu_order":0,"comment_status":"closed","ping_status":"open","template":"sidebar-page.php","meta":{"footnotes":""},"class_list":["post-22","page","type-page","status-publish","hentry"],"jetpack_sharing_enabled":true,"_links":{"self":[{"href":"https:\/\/polymnia-revue.univ-lille.fr\/index.php\/wp-json\/wp\/v2\/pages\/22","targetHints":{"allow":["GET"]}}],"collection":[{"href":"https:\/\/polymnia-revue.univ-lille.fr\/index.php\/wp-json\/wp\/v2\/pages"}],"about":[{"href":"https:\/\/polymnia-revue.univ-lille.fr\/index.php\/wp-json\/wp\/v2\/types\/page"}],"author":[{"embeddable":true,"href":"https:\/\/polymnia-revue.univ-lille.fr\/index.php\/wp-json\/wp\/v2\/users\/1"}],"replies":[{"embeddable":true,"href":"https:\/\/polymnia-revue.univ-lille.fr\/index.php\/wp-json\/wp\/v2\/comments?post=22"}],"version-history":[{"count":53,"href":"https:\/\/polymnia-revue.univ-lille.fr\/index.php\/wp-json\/wp\/v2\/pages\/22\/revisions"}],"predecessor-version":[{"id":401,"href":"https:\/\/polymnia-revue.univ-lille.fr\/index.php\/wp-json\/wp\/v2\/pages\/22\/revisions\/401"}],"wp:attachment":[{"href":"https:\/\/polymnia-revue.univ-lille.fr\/index.php\/wp-json\/wp\/v2\/media?parent=22"}],"curies":[{"name":"wp","href":"https:\/\/api.w.org\/{rel}","templated":true}]}}