{"id":110,"date":"2015-12-07T21:43:47","date_gmt":"2015-12-07T20:43:47","guid":{"rendered":"https:\/\/polymnia-revue.univ-lille3.fr\/?page_id=110"},"modified":"2015-12-09T10:24:59","modified_gmt":"2015-12-09T09:24:59","slug":"numero-1-2015-2","status":"publish","type":"page","link":"https:\/\/polymnia-revue.univ-lille.fr\/index.php\/numero-1-2015-2\/","title":{"rendered":"Num\u00e9ro 1 | 2015"},"content":{"rendered":"<p><strong><span style=\"color: #e08c1b;\">Avant-Propos<\/span>\u00a0<\/strong>[<a href=\"https:\/\/polymnia-revue.univ-lille.fr\/pdf\/2015\/0.Avant-Propos-Polymnia-1_2015.pdf\">Texte<\/a>]<\/p>\n<p><strong>Minerva Alganza Rold\u00e1n<\/strong><br \/>\n<strong><span style=\"color: #e08c1b;\">\u00bfHistoriadores, log\u00f3grafos o mit\u00f3grafos? (Sobre la recepci\u00f3n de Hecateo, Fer\u00e9cides y Hel\u00e1nico)<\/span><\/strong>\u00a0[<a href=\"https:\/\/polymnia-revue.univ-lille.fr\/pdf\/2015\/1.Alganza-resume-Polymnia-1_2015.pdf\">R\u00e9sum\u00e9<\/a>][<a href=\"https:\/\/polymnia-revue.univ-lille.fr\/pdf\/2015\/1.Alganza-Polymnia-1_2015.pdf\">Texte int\u00e9gral<\/a>]<\/p>\n<p><strong>David Bouvier<\/strong><br \/>\n<strong><span style=\"color: #e08c1b;\">Palaiphatos ou le mythe du mythographe<\/span><\/strong>\u00a0[<a href=\"https:\/\/polymnia-revue.univ-lille.fr\/pdf\/2015\/2.Bouvier-resume-Polymnia-1_2015.pdf\">R\u00e9sum\u00e9<\/a>][<a href=\"https:\/\/polymnia-revue.univ-lille.fr\/pdf\/2015\/2.Bouvier-Polymnia-1_2015.pdf\">Texte int\u00e9gral<\/a>]<\/p>\n<p><strong>Jacqueline Fabre-Serris<\/strong><br \/>\n<strong><span style=\"color: #e08c1b;\">La pratique mythographique de Parth\u00e9nius de Nic\u00e9e et l\u2019usage des <em>\u1f18\u03c1\u03c9\u03c4\u03b9\u03ba\u1f70 \u03a0\u03b1\u03b8\u03ae\u03bc\u03b1\u03c4\u03b1<\/em> chez Gallus, Properce et Ovide<\/span>\u00a0<\/strong>[<a href=\"https:\/\/polymnia-revue.univ-lille.fr\/pdf\/2015\/3.Fabre-Serris-resume-Polymnia-1_2015.pdf\">R\u00e9sum\u00e9<\/a>][<a href=\"https:\/\/polymnia-revue.univ-lille.fr\/pdf\/2015\/3.Fabre-Serris-Polymnia-1_2015.pdf\">Texte int\u00e9gral<\/a>]<\/p>\n<p><strong>Arnaud Zucker<\/strong><br \/>\n<strong><span style=\"color: #e08c1b;\">Hygin et \u00c9ratosth\u00e8ne. Variation mythographique ou restitution d\u2019un original perdu<br \/>\n<\/span><\/strong>\u00a0[<a href=\"https:\/\/polymnia-revue.univ-lille.fr\/pdf\/2015\/4.Zucker-resume-Polymnia-1_2015.pdf\">R\u00e9sum\u00e9<\/a>][<a href=\"https:\/\/polymnia-revue.univ-lille.fr\/pdf\/2015\/4.Zucker-Polymnia-1_2015.pdf\">Texte int\u00e9gral<\/a>]<\/p>\n<p><strong>Etienne Wolff<\/strong><br \/>\n<strong><span style=\"color: #e08c1b;\">Les sp\u00e9cificit\u00e9s de Fulgence dans les <\/span><\/strong><em><strong><span style=\"color: #e08c1b;\">Mitologiae<\/span><\/strong>\u00a0<\/em>[<a href=\"https:\/\/polymnia-revue.univ-lille.fr\/pdf\/2015\/5.Wolff-resume-Polymnia-1_2015.pdf\">R\u00e9sum\u00e9<\/a>][<a href=\"https:\/\/polymnia-revue.univ-lille.fr\/pdf\/2015\/5.Wolff-Polymnia-1_2015.pdf\">Texte int\u00e9gral<\/a>]<\/p>\n<p><strong>Franck Collin<\/strong><br \/>\n<strong><span style=\"color: #e08c1b;\">L\u2019inscription mythographique dans le projet encyclop\u00e9diste du <em>De Naturis rerum <\/em>d\u2019Alexandre Neckam<\/span><\/strong>\u00a0[<a href=\"https:\/\/polymnia-revue.univ-lille.fr\/pdf\/2015\/6.Collin-resume-Polymnia-1_2015.pdf\">R\u00e9sum\u00e9<\/a>][<a href=\"https:\/\/polymnia-revue.univ-lille.fr\/pdf\/2015\/6.Collin-Polymnia-1_2015.pdf\">Texte int\u00e9gral<\/a>]<\/p>\n<p><strong>Gis\u00e8le Besson<\/strong><br \/>\n<strong><span style=\"color: #e08c1b;\">Pseustis avait-il une chance contre Alithia ? Le regard port\u00e9 sur la mythologie pa\u00efenne dans l\u2019<\/span><\/strong><em><strong><span style=\"color: #e08c1b;\">Ecloga Theoduli<\/span><\/strong>\u00a0<\/em>[<a href=\"https:\/\/polymnia-revue.univ-lille.fr\/pdf\/2015\/7.Besson-resume-Polymnia-1_2015.pdf\">R\u00e9sum\u00e9<\/a>][<a href=\"https:\/\/polymnia-revue.univ-lille.fr\/pdf\/2015\/7.Besson-Polymnia-1_2015.pdf\">Texte int\u00e9gral<\/a>]<\/p>\n<p><strong>Consuelo \u00c1lvarez Mor\u00e1n &amp; <\/strong><strong>Rosa Igl\u00e9sias Monteil<\/strong><br \/>\n<strong><span style=\"color: #e08c1b;\">Los <em>Diez libros de la Mitologia <\/em>de Natale Conti en su segunda redacci\u00f3n<\/span><\/strong>\u00a0[<a href=\"https:\/\/polymnia-revue.univ-lille.fr\/pdf\/2015\/8.Alvarez-Iglesias-resume-Polymnia-1_2015.pdf\">R\u00e9sum\u00e9<\/a>][<a href=\"https:\/\/polymnia-revue.univ-lille.fr\/pdf\/2015\/8.Alvarez-Iglesias-Polymnia-1_2015.pdf\">Texte int\u00e9gral<\/a>]<\/p>\n<p><strong>Fran\u00e7oise Graziani<\/strong><br \/>\n<strong><span style=\"color: #e08c1b;\">La confabulation po\u00e9tique de Boccace<\/span><\/strong>\u00a0[<a href=\"https:\/\/polymnia-revue.univ-lille.fr\/pdf\/2015\/9.Graziani-resume-Polymnia-1_2015.pdf\">R\u00e9sum\u00e9<\/a>][<a href=\"https:\/\/polymnia-revue.univ-lille.fr\/pdf\/2015\/9.Graziani-Polymnia-1_2015.pdf\">Texte int\u00e9gral<\/a>]<\/p>\n","protected":false},"excerpt":{"rendered":"<p>Avant-Propos\u00a0[Texte] Minerva Alganza Rold\u00e1n \u00bfHistoriadores, log\u00f3grafos o mit\u00f3grafos? (Sobre la recepci\u00f3n de Hecateo, Fer\u00e9cides y Hel\u00e1nico)\u00a0[R\u00e9sum\u00e9][Texte int\u00e9gral] David Bouvier Palaiphatos ou le mythe du mythographe\u00a0[R\u00e9sum\u00e9][Texte int\u00e9gral] Jacqueline Fabre-Serris La pratique mythographique de Parth\u00e9nius de Nic\u00e9e et l\u2019usage des \u1f18\u03c1\u03c9\u03c4\u03b9\u03ba\u1f70 \u03a0\u03b1\u03b8\u03ae\u03bc\u03b1\u03c4\u03b1 &hellip; <a href=\"https:\/\/polymnia-revue.univ-lille.fr\/index.php\/numero-1-2015-2\/\">Continuer la lecture <span class=\"meta-nav\">&rarr;<\/span><\/a><\/p>\n","protected":false},"author":1,"featured_media":0,"parent":0,"menu_order":0,"comment_status":"closed","ping_status":"closed","template":"sidebar-page.php","meta":{"footnotes":""},"class_list":["post-110","page","type-page","status-publish","hentry"],"jetpack_sharing_enabled":true,"_links":{"self":[{"href":"https:\/\/polymnia-revue.univ-lille.fr\/index.php\/wp-json\/wp\/v2\/pages\/110","targetHints":{"allow":["GET"]}}],"collection":[{"href":"https:\/\/polymnia-revue.univ-lille.fr\/index.php\/wp-json\/wp\/v2\/pages"}],"about":[{"href":"https:\/\/polymnia-revue.univ-lille.fr\/index.php\/wp-json\/wp\/v2\/types\/page"}],"author":[{"embeddable":true,"href":"https:\/\/polymnia-revue.univ-lille.fr\/index.php\/wp-json\/wp\/v2\/users\/1"}],"replies":[{"embeddable":true,"href":"https:\/\/polymnia-revue.univ-lille.fr\/index.php\/wp-json\/wp\/v2\/comments?post=110"}],"version-history":[{"count":7,"href":"https:\/\/polymnia-revue.univ-lille.fr\/index.php\/wp-json\/wp\/v2\/pages\/110\/revisions"}],"predecessor-version":[{"id":161,"href":"https:\/\/polymnia-revue.univ-lille.fr\/index.php\/wp-json\/wp\/v2\/pages\/110\/revisions\/161"}],"wp:attachment":[{"href":"https:\/\/polymnia-revue.univ-lille.fr\/index.php\/wp-json\/wp\/v2\/media?parent=110"}],"curies":[{"name":"wp","href":"https:\/\/api.w.org\/{rel}","templated":true}]}}